{"id":1809,"date":"2023-09-13T09:57:53","date_gmt":"2023-09-13T09:57:53","guid":{"rendered":"https:\/\/karvatsandalias.mireiamurgoitio.es\/?page_id=1809"},"modified":"2023-09-13T21:07:57","modified_gmt":"2023-09-13T21:07:57","slug":"mantenimiento","status":"publish","type":"page","link":"https:\/\/karvatsandalias.mireiamurgoitio.es\/","title":{"rendered":"Mantenimiento"},"content":{"rendered":"\t\t<div data-elementor-type=\"wp-page\" data-elementor-id=\"1809\" class=\"elementor elementor-1809\">\n\t\t\t\t\t\t<section class=\"elementor-section elementor-top-section elementor-element elementor-element-0a875c0 elementor-section-full_width elementor-section-height-full elementor-section-content-middle elementor-section-height-default elementor-section-items-middle\" data-id=\"0a875c0\" data-element_type=\"section\" data-settings=\"{&quot;background_background&quot;:&quot;classic&quot;}\">\n\t\t\t\t\t\t<div class=\"elementor-container elementor-column-gap-default\">\n\t\t\t\t\t<div class=\"elementor-column elementor-col-100 elementor-top-column elementor-element elementor-element-b39898f\" data-id=\"b39898f\" data-element_type=\"column\">\n\t\t\t<div class=\"elementor-widget-wrap elementor-element-populated\">\n\t\t\t\t\t\t<div class=\"elementor-element elementor-element-5da49e0 elementor-widget elementor-widget-image\" data-id=\"5da49e0\" data-element_type=\"widget\" data-widget_type=\"image.default\">\n\t\t\t\t<div class=\"elementor-widget-container\">\n\t\t\t\t\t\t\t\t\t\t\t\t\t\t\t<img fetchpriority=\"high\" decoding=\"async\" width=\"478\" height=\"312\" src=\"https:\/\/karvatsandalias.mireiamurgoitio.es\/wp-content\/uploads\/2023\/09\/logo_secundario_karvat-e1694637992652.png\" class=\"attachment-large size-large wp-image-1857\" alt=\"\" srcset=\"https:\/\/karvatsandalias.mireiamurgoitio.es\/wp-content\/uploads\/2023\/09\/logo_secundario_karvat-e1694637992652.png 478w, https:\/\/karvatsandalias.mireiamurgoitio.es\/wp-content\/uploads\/2023\/09\/logo_secundario_karvat-e1694637992652-300x196.png 300w\" sizes=\"(max-width: 478px) 100vw, 478px\" \/>\t\t\t\t\t\t\t\t\t\t\t\t\t\t\t<\/div>\n\t\t\t\t<\/div>\n\t\t\t\t<div class=\"elementor-element elementor-element-fe5279a elementor-widget elementor-widget-heading\" data-id=\"fe5279a\" data-element_type=\"widget\" data-widget_type=\"heading.default\">\n\t\t\t\t<div class=\"elementor-widget-container\">\n\t\t\t\t\t<h5 class=\"elementor-heading-title elementor-size-default\">Este sitio web est\u00e1 bajo construcci\u00f3n.<\/h5>\t\t\t\t<\/div>\n\t\t\t\t<\/div>\n\t\t\t\t<div class=\"elementor-element elementor-element-10251d8 elementor-widget elementor-widget-text-editor\" data-id=\"10251d8\" data-element_type=\"widget\" data-widget_type=\"text-editor.default\">\n\t\t\t\t<div class=\"elementor-widget-container\">\n\t\t\t\t\t\t\t\t\t<p>En breve podr\u00e1s disfrutar de la experiencia completa, contacta con nosotros para cualquier informaci\u00f3n en <strong><a href=\"mailto:hola@karvatsandalias.com\">hola@karvatsandalias.com<\/a><\/strong><\/p>\t\t\t\t\t\t\t\t<\/div>\n\t\t\t\t<\/div>\n\t\t\t\t<div class=\"elementor-element elementor-element-db6a0b4 elementor-shape-circle elementor-grid-0 e-grid-align-center elementor-widget elementor-widget-social-icons\" data-id=\"db6a0b4\" data-element_type=\"widget\" data-widget_type=\"social-icons.default\">\n\t\t\t\t<div class=\"elementor-widget-container\">\n\t\t\t\t\t\t\t<div class=\"elementor-social-icons-wrapper elementor-grid\" role=\"list\">\n\t\t\t\t\t\t\t<span class=\"elementor-grid-item\" role=\"listitem\">\n\t\t\t\t\t<a class=\"elementor-icon elementor-social-icon elementor-social-icon-facebook elementor-animation-grow elementor-repeater-item-5f62ac8\" target=\"_blank\">\n\t\t\t\t\t\t<span class=\"elementor-screen-only\">Facebook<\/span>\n\t\t\t\t\t\t<i aria-hidden=\"true\" class=\"fab fa-facebook\"><\/i>\t\t\t\t\t<\/a>\n\t\t\t\t<\/span>\n\t\t\t\t\t\t\t<span class=\"elementor-grid-item\" role=\"listitem\">\n\t\t\t\t\t<a class=\"elementor-icon elementor-social-icon elementor-social-icon-instagram elementor-animation-grow elementor-repeater-item-730f61c\" target=\"_blank\">\n\t\t\t\t\t\t<span class=\"elementor-screen-only\">Instagram<\/span>\n\t\t\t\t\t\t<i aria-hidden=\"true\" class=\"fab fa-instagram\"><\/i>\t\t\t\t\t<\/a>\n\t\t\t\t<\/span>\n\t\t\t\t\t\t\t<span class=\"elementor-grid-item\" role=\"listitem\">\n\t\t\t\t\t<a class=\"elementor-icon elementor-social-icon elementor-social-icon-link elementor-animation-grow elementor-repeater-item-a225c7c\" href=\"https:\/\/linktr.ee\/karvatsandalias\" target=\"_blank\">\n\t\t\t\t\t\t<span class=\"elementor-screen-only\">Link<\/span>\n\t\t\t\t\t\t<i aria-hidden=\"true\" class=\"fas fa-link\"><\/i>\t\t\t\t\t<\/a>\n\t\t\t\t<\/span>\n\t\t\t\t\t<\/div>\n\t\t\t\t\t\t<\/div>\n\t\t\t\t<\/div>\n\t\t\t\t\t<\/div>\n\t\t<\/div>\n\t\t\t\t\t<\/div>\n\t\t<\/section>\n\t\t\t\t<\/div>\n\t\t","protected":false},"excerpt":{"rendered":"<p>Este sitio web est\u00e1 bajo construcci\u00f3n. En breve podr\u00e1s disfrutar de la experiencia completa, contacta con nosotros para cualquier informaci\u00f3n en hola@karvatsandalias.com Facebook Instagram Link<\/p>\n","protected":false},"author":1,"featured_media":0,"parent":0,"menu_order":0,"comment_status":"closed","ping_status":"closed","template":"","meta":{"_uag_custom_page_level_css":"","site-sidebar-layout":"no-sidebar","site-content-layout":"page-builder","ast-site-content-layout":"full-width-container","site-content-style":"unboxed","site-sidebar-style":"unboxed","ast-global-header-display":"disabled","ast-banner-title-visibility":"disabled","ast-main-header-display":"","ast-hfb-above-header-display":"","ast-hfb-below-header-display":"","ast-hfb-mobile-header-display":"","site-post-title":"disabled","ast-breadcrumbs-content":"","ast-featured-img":"disabled","footer-sml-layout":"disabled","theme-transparent-header-meta":"","adv-header-id-meta":"","stick-header-meta":"","header-above-stick-meta":"","header-main-stick-meta":"","header-below-stick-meta":"","astra-migrate-meta-layouts":"set","ast-page-background-enabled":"default","ast-page-background-meta":{"desktop":{"background-color":"var(--ast-global-color-4)","background-image":"","background-repeat":"repeat","background-position":"center center","background-size":"auto","background-attachment":"scroll","background-type":"","background-media":"","overlay-type":"","overlay-color":"","overlay-opacity":"","overlay-gradient":""},"tablet":{"background-color":"","background-image":"","background-repeat":"repeat","background-position":"center center","background-size":"auto","background-attachment":"scroll","background-type":"","background-media":"","overlay-type":"","overlay-color":"","overlay-opacity":"","overlay-gradient":""},"mobile":{"background-color":"","background-image":"","background-repeat":"repeat","background-position":"center center","background-size":"auto","background-attachment":"scroll","background-type":"","background-media":"","overlay-type":"","overlay-color":"","overlay-opacity":"","overlay-gradient":""}},"ast-content-background-meta":{"desktop":{"background-color":"var(--ast-global-color-5)","background-image":"","background-repeat":"repeat","background-position":"center center","background-size":"auto","background-attachment":"scroll","background-type":"","background-media":"","overlay-type":"","overlay-color":"","overlay-opacity":"","overlay-gradient":""},"tablet":{"background-color":"var(--ast-global-color-5)","background-image":"","background-repeat":"repeat","background-position":"center center","background-size":"auto","background-attachment":"scroll","background-type":"","background-media":"","overlay-type":"","overlay-color":"","overlay-opacity":"","overlay-gradient":""},"mobile":{"background-color":"var(--ast-global-color-5)","background-image":"","background-repeat":"repeat","background-position":"center center","background-size":"auto","background-attachment":"scroll","background-type":"","background-media":"","overlay-type":"","overlay-color":"","overlay-opacity":"","overlay-gradient":""}},"footnotes":""},"class_list":["post-1809","page","type-page","status-publish","hentry"],"uagb_featured_image_src":{"full":false,"thumbnail":false,"medium":false,"medium_large":false,"large":false,"1536x1536":false,"2048x2048":false},"uagb_author_info":{"display_name":"admin","author_link":"https:\/\/karvatsandalias.mireiamurgoitio.es\/index.php\/author\/admin\/"},"uagb_comment_info":0,"uagb_excerpt":"Este sitio web est\u00e1 bajo construcci\u00f3n. En breve podr\u00e1s disfrutar de la experiencia completa, contacta con nosotros para cualquier informaci\u00f3n en hola@karvatsandalias.com Facebook Instagram Link","_links":{"self":[{"href":"https:\/\/karvatsandalias.mireiamurgoitio.es\/index.php\/wp-json\/wp\/v2\/pages\/1809","targetHints":{"allow":["GET"]}}],"collection":[{"href":"https:\/\/karvatsandalias.mireiamurgoitio.es\/index.php\/wp-json\/wp\/v2\/pages"}],"about":[{"href":"https:\/\/karvatsandalias.mireiamurgoitio.es\/index.php\/wp-json\/wp\/v2\/types\/page"}],"author":[{"embeddable":true,"href":"https:\/\/karvatsandalias.mireiamurgoitio.es\/index.php\/wp-json\/wp\/v2\/users\/1"}],"replies":[{"embeddable":true,"href":"https:\/\/karvatsandalias.mireiamurgoitio.es\/index.php\/wp-json\/wp\/v2\/comments?post=1809"}],"version-history":[{"count":126,"href":"https:\/\/karvatsandalias.mireiamurgoitio.es\/index.php\/wp-json\/wp\/v2\/pages\/1809\/revisions"}],"predecessor-version":[{"id":1956,"href":"https:\/\/karvatsandalias.mireiamurgoitio.es\/index.php\/wp-json\/wp\/v2\/pages\/1809\/revisions\/1956"}],"wp:attachment":[{"href":"https:\/\/karvatsandalias.mireiamurgoitio.es\/index.php\/wp-json\/wp\/v2\/media?parent=1809"}],"curies":[{"name":"wp","href":"https:\/\/api.w.org\/{rel}","templated":true}]}}